{"id":7840,"date":"2024-09-29T21:06:50","date_gmt":"2024-09-29T19:06:50","guid":{"rendered":"https:\/\/aste.centromacchineutensili.it\/terminos-y-condiciones\/"},"modified":"2025-01-31T23:02:29","modified_gmt":"2025-01-31T22:02:29","slug":"terminos-y-condiciones","status":"publish","type":"page","link":"https:\/\/aste.centromacchineutensili.it\/es\/terminos-y-condiciones\/","title":{"rendered":"T\u00c9RMINOS Y CONDICIONES"},"content":{"rendered":"\n<p class=\"has-text-align-center wp-block-paragraph\"><strong>CENTRO MACCHINE UTENSILI S.R.L.<\/strong><strong><\/strong><\/p>\n\n<p class=\"has-text-align-center wp-block-paragraph\"><strong>VENTA EN SUBASTA DE MAQUINARIA USADA <\/strong><strong><\/strong><\/p>\n\n<p class=\"wp-block-paragraph\"><strong><u>T\u00c9RMINOS Y CONDICIONES GENERALES DE PARTICIPACI\u00d3N<\/u><\/strong><\/p>\n\n<p class=\"wp-block-paragraph\">Las presentes condiciones generales regulan desde el punto de vista t\u00e9cnico y operativo el uso de la plataforma\u00a0<a href=\"http:\/\/aste.centromacchineutensili.it\" data-type=\"link\" data-id=\"http:\/\/aste.centromacchineutensili.it\">aste.centromacchineutensili.it<\/a> propiedad de la empresa Centro Macchine Utensili s.r.l. con domicilio social en Palosco (BG), Via M. Buonarroti, 35, 24050 (n\u00famero de IVA 03320190162), para la participaci\u00f3n en la venta de bienes muebles.<\/p>\n\n<p class=\"wp-block-paragraph\">Las presentes condiciones generales se ponen a disposici\u00f3n de los ofertantes telem\u00e1ticos con el fin de permitir su consulta y conservaci\u00f3n antes de participar en la venta telem\u00e1tica.<\/p>\n\n<p class=\"wp-block-paragraph\">La empresa Centro Macchine Utensili s.r.l.\u00a0es libre de actualizar, integrar o modificar las presentes condiciones generales siempre que lo considere necesario por cuestiones regulatorias o t\u00e9cnicas relacionadas con las subastas judiciales. Las nuevas condiciones ser\u00e1n efectivas para todas las ventas publicadas despu\u00e9s de su publicaci\u00f3n.<\/p>\n\n<p class=\"wp-block-paragraph\">Estas condiciones generales se consideran plenamente conocidas y aceptadas incondicionalmente tras el registro del usuario en la plataforma\u00a0<a href=\"http:\/\/aste.centromacchineutensili.it\" data-type=\"link\" data-id=\"http:\/\/aste.centromacchineutensili.it\">aste.centromacchineutensili.it<\/a><\/p>\n\n<p class=\"wp-block-paragraph\"><\/p>\n\n<p class=\"wp-block-paragraph\"><strong><u>INFORMACI\u00d3N SOBRE BIENES EN VENTA<\/u><\/strong><\/p>\n\n<p class=\"wp-block-paragraph\">La descripci\u00f3n de los productos en el sitio web\u00a0<a href=\"http:\/\/aste.centromacchineutensili.it\" data-type=\"link\" data-id=\"http:\/\/aste.centromacchineutensili.it\">aste.centromacchineutensili.it<\/a> es indicativa y debe ser verificada.<\/p>\n\n<p class=\"wp-block-paragraph\">La Compa\u00f1\u00eda no es responsable de ninguna discrepancia parcial o total entre la descripci\u00f3n de los productos que se venden electr\u00f3nicamente y la consistencia real y\/o identificaci\u00f3n de los mismos ni de errores, omisiones o inexactitudes en las fotos y videos publicados.<\/p>\n\n<p class=\"wp-block-paragraph\">Se entiende que el usuario puede ponerse en contacto con el Centro Macchine Utensili para ver los productos en venta.<\/p>\n\n<p class=\"wp-block-paragraph\"><\/p>\n\n<p class=\"wp-block-paragraph\"><strong><u>GARANT\u00cdA NO OFRECIDA<\/u><\/strong><\/p>\n\n<p class=\"wp-block-paragraph\">La maquinaria usada objeto de la subasta en la que usted participa se vende en el estado en que se encuentra como \u00abvista y gustada\u00bb por la parte compradora. Al realizar una puja, el cliente declara que ha inspeccionado detenidamente la maquinaria usada en cuesti\u00f3n y la acepta en el estado en el que se encuentra.<\/p>\n\n<p class=\"wp-block-paragraph\">De conformidad y a los efectos del Art. 1490 p\u00e1rrafo 2 del C\u00f3digo Civil, el cliente declara que renuncia a cualquier acci\u00f3n de garant\u00eda por defectos o falta de calidad de la maquinaria objeto de este contrato y, en cualquier caso, renuncia a cualquier reclamaci\u00f3n por cualquier motivo o t\u00edtulo contra el vendedor.<\/p>\n\n<p class=\"wp-block-paragraph\">Asimismo, el cliente correr\u00e1 con los gastos de adaptaci\u00f3n a las normas de seguridad de la maquinaria objeto del presente contrato.<\/p>\n\n<p class=\"wp-block-paragraph\"><\/p>\n\n<p class=\"wp-block-paragraph\"><strong><u>INSCRIPCI\u00d3N EN ASTE.CENTROMACCHINEUTENSILI.IT<\/u><\/strong><\/p>\n\n<p class=\"wp-block-paragraph\">S\u00f3lo los usuarios registrados en el sitio web <a href=\"http:\/\/aste.centromacchineutensili.it\" data-type=\"link\" data-id=\"http:\/\/aste.centromacchineutensili.it\">aste.centromacchineutensili.it<\/a> pueden participar en las rebajas.<\/p>\n\n<p class=\"wp-block-paragraph\">La inscripci\u00f3n es gratuita y s\u00f3lo hay que hacerla una vez, independientemente del n\u00famero de ventas en las que pretenda participar.<\/p>\n\n<p class=\"wp-block-paragraph\">El usuario:<\/p>\n\n<ul class=\"wp-block-list\">\n<li>garantiza la exactitud y veracidad de los datos personales y de la informaci\u00f3n proporcionada en el momento del registro;<\/li>\n\n\n\n<li>antes de participar en ventas en l\u00ednea, debe verificar los datos ingresados \u200b\u200by, en caso de cambio, realizar los cambios apropiados;<\/li>\n\n\n\n<li>elija las credenciales de acceso (nombre de usuario y contrase\u00f1a) y con estas credenciales podr\u00e1 autenticarse para acceder a la consola de competici\u00f3n de\u00a0<a href=\"http:\/\/aste.centromacchineutensili.it\" data-type=\"link\" data-id=\"http:\/\/aste.centromacchineutensili.it\">aste.centromacchineutensili.it<\/a> y completar el operaciones planificadas;<\/li>\n\n\n\n<li>se compromete a no ceder credenciales de acceso personal a terceros;<\/li>\n\n\n\n<li>es responsable de la custodia y el correcto uso de las credenciales de autenticaci\u00f3n de la plataforma\u00a0<a href=\"http:\/\/aste.centromacchineutensili.it\" data-type=\"link\" data-id=\"http:\/\/aste.centromacchineutensili.it\">aste.centromacchineutensili.it<\/a> (nombre de usuario y contrase\u00f1a), as\u00ed como de cualquier consecuencia perjudicial o perjuicio que pueda comprometer el buen desarrollo de la venta, tras un uso incorrecto, p\u00e9rdida, robo y\/o compromiso de la confidencialidad de su cuenta;<\/li>\n\n\n\n<li>en caso de que tenga conocimiento o tenga motivos razonables para creer que sus credenciales han pasado a estar disponibles para terceros no autorizados, deber\u00e1 notificarlo inmediatamente a la empresa por escrito a trav\u00e9s del formulario de contacto del sitio\u00a0<a href=\"http:\/\/www.centromacchineutensili.it\" data-type=\"link\" data-id=\"http:\/\/www.centromacchineutensili.it\">www.centromacchineutensili.it<\/a> y, en cualquier caso, tomar todas las medidas necesarias para impedir el uso de sus credenciales.<\/li>\n<\/ul>\n\n<p class=\"wp-block-paragraph\">La Compa\u00f1\u00eda declina cualquier responsabilidad por la informaci\u00f3n y los documentos posiblemente insertados en la plataforma por terceros sin autorizaci\u00f3n alguna.<\/p>\n\n<p class=\"wp-block-paragraph\"><\/p>\n\n<p class=\"wp-block-paragraph\"><strong><u>DEP\u00d3SITO DE GARANT\u00cdA<\/u><\/strong><\/p>\n\n<p class=\"wp-block-paragraph\">Para participar en la subasta y presentar una oferta, se requiere el pago de un dep\u00f3sito de garant\u00eda, que ser\u00e1 retenido en caso de impago del saldo dentro de los 3 d\u00edas h\u00e1biles siguientes a la adjudicaci\u00f3n de la subasta.<\/p>\n\n<p class=\"wp-block-paragraph\"><\/p>\n\n<p class=\"wp-block-paragraph\"><strong><u>PARTICIPACI\u00d3N EN VENTAS ELECTR\u00d3NICAS<\/u><\/strong><\/p>\n\n<p class=\"wp-block-paragraph\">La participaci\u00f3n telem\u00e1tica en la subasta se realiza a trav\u00e9s de la plataforma\u00a0<a href=\"http:\/\/aste.centromacchineutensili.it\" data-type=\"link\" data-id=\"http:\/\/aste.centromacchineutensili.it\">aste.centromacchineutensili.it<\/a>, previa autenticaci\u00f3n del usuario con nombre de usuario, contrase\u00f1a, d\u00f3nde realizar las ofertas, compra irrevocable. acuerdos.<\/p>\n\n<p class=\"wp-block-paragraph\">Los participantes autorizan a la Sociedad a enviar por correo electr\u00f3nico a la direcci\u00f3n de correo electr\u00f3nico y\/o correo electr\u00f3nico certificado con la que se registraron en el sitio\u00a0<a href=\"http:\/\/aste.centromacchineutensili.it\" data-type=\"link\" data-id=\"http:\/\/aste.centromacchineutensili.it\">aste.centromacchineutensili.it<\/a> y\/o a trav\u00e9s de mensajes de texto, comunicaciones relativas a todos los principales acontecimientos de su inter\u00e9s.<\/p>\n\n<p class=\"wp-block-paragraph\">La falta de comunicaci\u00f3n a trav\u00e9s de los canales antes mencionados no implica ninguna irregularidad en la venta, ya que estos \u00faltimos tienen car\u00e1cter adicional y complementario respecto de la visibilidad permanente de la evoluci\u00f3n de la misma en el sitio\u00a0<a href=\"http:\/\/aste.centromacchineutensili.it\" data-type=\"link\" data-id=\"http:\/\/aste.centromacchineutensili.it\">aste.centromacchineutensili.it<\/a><\/p>\n\n<p class=\"wp-block-paragraph\">No se considerar\u00e1n invalidantes del concurso los acontecimientos, fortuitos o no, que afecten exclusivamente a los dispositivos de los usuarios, como por ejemplo: p\u00e9rdida de conectividad a Internet, mal funcionamiento del hardware y software del participante que impidan o limiten el concurso. de la solicitud de concurso.<\/p>\n\n<p class=\"wp-block-paragraph\">Durante las operaciones de licitaci\u00f3n, el participante est\u00e1 obligado a adoptar una conducta adecuada que no pueda alterar en modo alguno la regularidad de la venta electr\u00f3nica, bajo pena de exclusi\u00f3n de la licitaci\u00f3n.<\/p>\n\n<p class=\"wp-block-paragraph\">El tiempo de registro de la oferta creciente realizada por cada participante es el de depositarla en el servidor que aloja el sitio web\u00a0<a href=\"http:\/\/aste.centromacchineutensili.it\" data-type=\"link\" data-id=\"http:\/\/aste.centromacchineutensili.it\">aste.centromacchineutensili.it<\/a><\/p>\n\n<p class=\"wp-block-paragraph\">La hora que usted muestra en su computadora u otro dispositivo no tiene valor. El tiempo resultante dentro de la consola de licitaci\u00f3n, en el momento de enviar la oferta, es orientativo.<\/p>\n\n<p class=\"wp-block-paragraph\">Las ofertas electr\u00f3nicas realizadas se dan a conocer en l\u00ednea directamente por el sistema a todos los participantes de forma an\u00f3nima.<\/p>\n\n<p class=\"wp-block-paragraph\">Una vez finalizada la licitaci\u00f3n, se notifica a los participantes su resultado y el mejor postor recibe una comunicaci\u00f3n espec\u00edfica para definir las formas de pago y entrega de los bienes adjudicados.<\/p>\n\n<p class=\"wp-block-paragraph\">En caso de no contactar en el plazo de 15 d\u00edas desde la fecha de finalizaci\u00f3n de la subasta, la oferta se considerar\u00e1 cancelada.<\/p>\n\n<p class=\"wp-block-paragraph\"><\/p>\n\n<p class=\"wp-block-paragraph\"><strong><u>PRIVACY<\/u><\/strong><\/p>\n\n<p class=\"wp-block-paragraph\">El usuario declara haber le\u00eddo la informaci\u00f3n disponible en el sitio en la siguiente direcci\u00f3n (<a href=\"http:\/\/www.centromacchineutensili.it\/privacy-clienti\/\" data-type=\"link\" data-id=\"http:\/\/www.centromacchineutensili.it\/privacy-clienti\/\">www.centromacchineutensili.it\/privacy-clienti\/<\/a>) y presta su consentimiento para el tratamiento de sus datos personales con las finalidades y en la forma indicadas.<\/p>\n\n<p class=\"wp-block-paragraph\"><\/p>\n","protected":false},"excerpt":{"rendered":"<p>CENTRO MACCHINE UTENSILI S.R.L. VENTA EN SUBASTA DE MAQUINARIA USADA T\u00c9RMINOS Y CONDICIONES GENERALES DE PARTICIPACI\u00d3N Las presentes condiciones generales regulan desde el punto de vista t\u00e9cnico y operativo el uso de la plataforma\u00a0aste.centromacchineutensili.it propiedad de la empresa Centro Macchine Utensili s.r.l. con domicilio social en Palosco (BG), Via M. Buonarroti, 35, 24050 (n\u00famero de<a class=\"more-link\" href=\"https:\/\/aste.centromacchineutensili.it\/es\/terminos-y-condiciones\/\">Ver m\u00e1s  &#10230;<\/a><\/p>\n","protected":false},"author":3,"featured_media":0,"parent":0,"menu_order":0,"comment_status":"closed","ping_status":"closed","template":"","meta":{"_editorskit_title_hidden":false,"_editorskit_reading_time":0,"_editorskit_is_block_options_detached":false,"_editorskit_block_options_position":"{}","_crdt_document":"","inline_featured_image":false,"_themeisle_gutenberg_block_has_review":false,"footnotes":""},"class_list":["post-7840","page","type-page","status-publish","hentry"],"_links":{"self":[{"href":"https:\/\/aste.centromacchineutensili.it\/es\/wp-json\/wp\/v2\/pages\/7840","targetHints":{"allow":["GET"]}}],"collection":[{"href":"https:\/\/aste.centromacchineutensili.it\/es\/wp-json\/wp\/v2\/pages"}],"about":[{"href":"https:\/\/aste.centromacchineutensili.it\/es\/wp-json\/wp\/v2\/types\/page"}],"author":[{"embeddable":true,"href":"https:\/\/aste.centromacchineutensili.it\/es\/wp-json\/wp\/v2\/users\/3"}],"replies":[{"embeddable":true,"href":"https:\/\/aste.centromacchineutensili.it\/es\/wp-json\/wp\/v2\/comments?post=7840"}],"version-history":[{"count":8,"href":"https:\/\/aste.centromacchineutensili.it\/es\/wp-json\/wp\/v2\/pages\/7840\/revisions"}],"predecessor-version":[{"id":8012,"href":"https:\/\/aste.centromacchineutensili.it\/es\/wp-json\/wp\/v2\/pages\/7840\/revisions\/8012"}],"wp:attachment":[{"href":"https:\/\/aste.centromacchineutensili.it\/es\/wp-json\/wp\/v2\/media?parent=7840"}],"curies":[{"name":"wp","href":"https:\/\/api.w.org\/{rel}","templated":true}]}}