{"id":9392,"date":"2026-03-12T10:18:31","date_gmt":"2026-03-12T09:18:31","guid":{"rendered":"https:\/\/aste.centromacchineutensili.it\/?post_type=product&#038;p=9392"},"modified":"2026-03-25T17:00:07","modified_gmt":"2026-03-25T16:00:07","slug":"lotto-tc0108-tornio-ad-autoapprendimento-cmt-techservice-mod-ursus-tc600-2000","status":"publish","type":"product","link":"https:\/\/aste.centromacchineutensili.it\/en\/prodotto\/lotto-tc0108-tornio-ad-autoapprendimento-cmt-techservice-mod-ursus-tc600-2000\/","title":{"rendered":"LOTTO TC0108 &#8211; TORNIO AD AUTOAPPRENDIMENTO CMT TECHSERVICE mod.URSUS TC600-2000"},"content":{"rendered":"<p><strong>Anno 2017<\/strong><\/p>\n<p>Matricola 13937<\/p>\n<p><strong>IN OTTIME CONDIZIONI<\/strong><\/p>\n<p>CNC FAGOR 8055<br \/>\nAltezza punte sul banco mm 300<br \/>\nNaso mandrino CAM LOCK 8\u2033<br \/>\nDiametro foro mandrino mm 105<br \/>\nPotenza motore mandrino \u2013 S1\/S6 kW 9\/13<br \/>\nGamme di velocit\u00e0 al mandrino 2 a cambio automatico<br \/>\nVelocit\u00e0 max. mandrino min-1 2200<br \/>\nVelocit\u00e0 mandrino a potenza costante min-1 75\/2200<br \/>\nVelocit\u00e0 mandrino a potenza costante (I gamma) min-1 10 + 75\/430<br \/>\nVelocit\u00e0 mandrino a potenza costante (II gamma) min-1 40 + 380\/2200<br \/>\nCoppia max. mandrino Nm 1650<br \/>\nDiametro ammesso sul banco mm 600<br \/>\nDiametro ammesso sul carro mm 365<br \/>\nDistanza nominale punte mm 2000<\/p>\n<p>Corsa controllata asse \u201cX\u201d mm 310<br \/>\nCorsa controllata asse \u201cZ\u201d mm 2000<br \/>\nVelocit\u00e0 rapida asse \u201cX\u201d mm\/min 10.000<br \/>\nVelocit\u00e0 rapida asse \u201cZ\u201d mm\/min 12.000<br \/>\nSpinta continuativa asse \u201cX\u201d daN 300<br \/>\nSpinta continuativa asse \u201cZ\u201d daN 1000<br \/>\nDiametro cannotto controtesta mm 68<br \/>\nCorsa cannotto controtesta mm 220<br \/>\nSpinta assiale cannotto daN 1.200<br \/>\nTensione di alimentazione 400 V (50 Hz)<br \/>\nPotenza totale installata kW 20<br \/>\nMacchina completa di:<br \/>\n\u2022 Autocentrante manuale<br \/>\n\u2022 Torretta elettrica 8 posizioni<br \/>\n\u2022 Lunetta fissa<br \/>\nDATI NON IMPEGNATIVI DA VERIFICARSI<\/p>\n","protected":false},"excerpt":{"rendered":"<p>Anno 2017 Matricola 13937 IN OTTIME CONDIZIONI CNC FAGOR 8055 Altezza punte sul banco mm 300 Naso mandrino CAM LOCK 8\u2033 Diametro foro mandrino mm 105 Potenza motore mandrino \u2013 S1\/S6 kW 9\/13 Gamme di velocit\u00e0 al mandrino 2 a cambio automatico Velocit\u00e0 max. mandrino min-1 2200 Velocit\u00e0 mandrino a potenza costante min-1 75\/2200 Velocit\u00e0<a class=\"more-link\" href=\"https:\/\/aste.centromacchineutensili.it\/en\/prodotto\/lotto-tc0108-tornio-ad-autoapprendimento-cmt-techservice-mod-ursus-tc600-2000\/\">Read more  &#10230;<\/a><\/p>\n","protected":false},"featured_media":9393,"template":"","meta":{"_editorskit_title_hidden":false,"_editorskit_reading_time":0,"_editorskit_is_block_options_detached":false,"_editorskit_block_options_position":"{}","_crdt_document":"","inline_featured_image":false,"_themeisle_gutenberg_block_has_review":false},"product_brand":[],"product_cat":[381],"product_tag":[],"class_list":{"0":"post-9392","1":"product","2":"type-product","3":"status-publish","4":"has-post-thumbnail","6":"product_cat-torni-ad-autoapprendimento","8":"first","9":"instock","10":"taxable","11":"shipping-taxable","12":"purchasable","13":"product-type-auction","14":"add-to-wishlist-after_add_to_cart"},"_links":{"self":[{"href":"https:\/\/aste.centromacchineutensili.it\/en\/wp-json\/wp\/v2\/product\/9392","targetHints":{"allow":["GET"]}}],"collection":[{"href":"https:\/\/aste.centromacchineutensili.it\/en\/wp-json\/wp\/v2\/product"}],"about":[{"href":"https:\/\/aste.centromacchineutensili.it\/en\/wp-json\/wp\/v2\/types\/product"}],"wp:featuredmedia":[{"embeddable":true,"href":"https:\/\/aste.centromacchineutensili.it\/en\/wp-json\/wp\/v2\/media\/9393"}],"wp:attachment":[{"href":"https:\/\/aste.centromacchineutensili.it\/en\/wp-json\/wp\/v2\/media?parent=9392"}],"wp:term":[{"taxonomy":"product_brand","embeddable":true,"href":"https:\/\/aste.centromacchineutensili.it\/en\/wp-json\/wp\/v2\/product_brand?post=9392"},{"taxonomy":"product_cat","embeddable":true,"href":"https:\/\/aste.centromacchineutensili.it\/en\/wp-json\/wp\/v2\/product_cat?post=9392"},{"taxonomy":"product_tag","embeddable":true,"href":"https:\/\/aste.centromacchineutensili.it\/en\/wp-json\/wp\/v2\/product_tag?post=9392"}],"curies":[{"name":"wp","href":"https:\/\/api.w.org\/{rel}","templated":true}]}}